{"id":876,"date":"2024-09-04T16:18:57","date_gmt":"2024-09-04T16:18:57","guid":{"rendered":"https:\/\/gic.testmillennials.es\/politica-de-privacidad\/"},"modified":"2024-09-04T17:42:51","modified_gmt":"2024-09-04T17:42:51","slug":"politica-de-privacidad","status":"publish","type":"page","link":"http:\/\/recargagic.com\/pt-pt\/politica-de-privacidad\/","title":{"rendered":"Pol\u00edtica de Privacidade"},"content":{"rendered":"<div class=\"wpb-content-wrapper\"><h1 class=\"elementor-heading-title elementor-size-default\">Pol\u00edtica de Privacidade<\/h1>\n<div class=\"elementor-element elementor-element-2f4edca0 elementor-widget elementor-widget-text-editor\" data-id=\"2f4edca0\" data-element_type=\"widget\" data-widget_type=\"text-editor.default\">\n<div class=\"elementor-widget-container\">\n<div class=\"inner-page text-page margin-default\">\n<div class=\"row\">\n<div class=\" col-md-12 text-page\">\n<article id=\"post-6248\" class=\"post-6248 page type-page status-publish hentry\">\n<div id=\"entry-div\" class=\"entry-content clearfix\">\n<div class=\"vc_row wpb_row vc_row-fluid\">\n<div class=\"wpb_column vc_column_container vc_col-sm-12\">\n<div class=\"vc_column-inner\">\n<div class=\"wpb_wrapper\">\n<div class=\"wpb_text_column wpb_content_element \">\n<div class=\"wpb_wrapper\">\n<h5>Seguindo os princ\u00edpios da legalidade, lealdade e transpar\u00eancia, fornecemos-lhe a seguinte Pol\u00edtica de Privacidade<\/h5>\n<\/div>\n<\/div>\n<\/div>\n<\/div>\n<\/div>\n<\/div>\n<\/div>\n<\/article>\n<\/div>\n<\/div>\n<\/div>\n<\/div>\n<\/div>\n<div class=\"elementor-element elementor-element-1b13c610 elementor-widget elementor-widget-spacer\" data-id=\"1b13c610\" data-element_type=\"widget\" data-widget_type=\"spacer.default\">\n<div class=\"elementor-widget-container\">\n<div class=\"elementor-spacer\">\n<div class=\"elementor-spacer-inner\"><\/div>\n<\/div>\n<\/div>\n<\/div>\n<div class=\"elementor-element elementor-element-7a19ad31 elementor-widget elementor-widget-text-editor\" data-id=\"7a19ad31\" data-element_type=\"widget\" data-widget_type=\"text-editor.default\">\n<div class=\"elementor-widget-container\">\n<h3>Quem \u00e9 respons\u00e1vel pelo tratamento dos seus dados?<\/h3>\n<table width=\"576\">\n<tbody>\n<tr>\n<td width=\"140\"><strong>Respons\u00e1vel<\/strong><\/td>\n<td width=\"437\">Gesti\u00f3n Inteligente de Cargas S.L.<\/td>\n<\/tr>\n<tr>\n<td width=\"140\"><strong>NIF<\/strong><\/td>\n<td width=\"437\">B85699015<\/td>\n<\/tr>\n<tr>\n<td width=\"140\"><strong>Escrit\u00f3rio registado<\/strong><\/td>\n<td width=\"437\">Cardenal Marcelo Sp\u00ednola, 10, 28016, Madrid<\/td>\n<\/tr>\n<tr>\n<td width=\"140\"><strong>Correio electr\u00f3nico<\/strong><\/td>\n<td width=\"437\"><a href=\"mailto:info@recargagic.com\">info@recargagic.com<\/a><\/td>\n<\/tr>\n<tr>\n<td width=\"140\"><strong>Telefone<\/strong><\/td>\n<td width=\"437\">(+34) 91 748 15 34<\/td>\n<\/tr>\n<tr>\n<td width=\"140\"><strong>Respons\u00e1vel pela protec\u00e7\u00e3o de dados<\/strong><\/td>\n<td width=\"437\">Adaptalia Legal Formative Group<\/p>\n<p><a href=\"mailto:dpo@grupoetra.com\">dpo@grupoetra.com<\/a><\/td>\n<\/tr>\n<\/tbody>\n<\/table>\n<\/div>\n<\/div>\n<div class=\"elementor-element elementor-element-2d022761 elementor-widget elementor-widget-text-editor\" data-id=\"2d022761\" data-element_type=\"widget\" data-widget_type=\"text-editor.default\">\n<div class=\"elementor-widget-container\">\n<h3>Para que fins processamos os seus dados pessoais?<\/h3>\n<p><strong>Na Gesti\u00f3n Inteligente de Cargas S.L., dependendo da categoria do interessado em quest\u00e3o, processamos a informa\u00e7\u00e3o que nos fornece com os seguintes objectivos:<\/strong><\/p>\n<table width=\"603\">\n<tbody>\n<tr>\n<td width=\"92\"><strong>Interessados<\/strong><\/td>\n<td width=\"511\"><strong>Finalidades de processamento<\/strong><strong>\u00a0<\/strong><\/td>\n<\/tr>\n<tr>\n<td width=\"92\"><strong>Potenciais clientes<\/strong><\/td>\n<td width=\"511\">Gerir o potencial relacionamento comercial e\/ou profissional, gerir o envio de informa\u00e7\u00f5es solicitadas e\/ou resolver as quest\u00f5es levantadas, fornecer ofertas dos nossos servi\u00e7os e\/ou produtos de interesse para si.<\/td>\n<\/tr>\n<tr>\n<td width=\"92\"><strong>Clientes<\/strong><\/td>\n<td width=\"511\">Para gerir a rela\u00e7\u00e3o comercial e\/ou profissional, fornecer ofertas dos nossos servi\u00e7os e\/ou produtos de interesse para si.<\/td>\n<\/tr>\n<tr>\n<td width=\"92\"><strong>Candidatos<\/strong><\/td>\n<td width=\"511\">Gerir o processo de selec\u00e7\u00e3o de pessoal.<\/td>\n<\/tr>\n<tr>\n<td width=\"92\"><strong>Utilizadores da web<\/strong><\/td>\n<td width=\"511\">Gerir a an\u00e1lise dos seus dados de navega\u00e7\u00e3o<\/td>\n<\/tr>\n<\/tbody>\n<\/table>\n<\/div>\n<\/div>\n<div class=\"elementor-element elementor-element-754663e5 elementor-widget elementor-widget-text-editor\" data-id=\"754663e5\" data-element_type=\"widget\" data-widget_type=\"text-editor.default\">\n<div class=\"elementor-widget-container\">\n<h3>Qual \u00e9 a legitimidade para o tratamento dos seus dados?<\/h3>\n<p><strong>A base jur\u00eddica para o tratamento dos seus dados pessoais, dependendo da categoria da pessoa em causa, pode ser:<\/strong><\/p>\n<table width=\"603\">\n<tbody>\n<tr>\n<td width=\"92\"><strong>Interessados<\/strong><\/td>\n<td width=\"511\"><strong>Base legal<\/strong><\/td>\n<\/tr>\n<tr>\n<td rowspan=\"3\" width=\"92\"><strong>Potenciais clientes<\/strong><\/td>\n<td width=\"511\">Art. 6.1.b GDPR: aplica\u00e7\u00e3o, a pedido do interessado, de medidas pr\u00e9-contratuais (estimativas, formul\u00e1rios de encomenda, ofertas de servi\u00e7os, etc.).<\/td>\n<\/tr>\n<tr>\n<td width=\"511\">Art. 6.1.f RGPD: Interesse leg\u00edtimo (enviar informa\u00e7\u00e3o solicitada, responder a quest\u00f5es levantadas\u2026).<\/td>\n<\/tr>\n<tr>\n<td width=\"511\">Art. 6.1.a RGPD: consentimento da pessoa a quem os dados dizem respeito (fornecendo ofertas dos nossos servi\u00e7os e\/ou produtos).<\/td>\n<\/tr>\n<tr>\n<td width=\"92\"><strong>Clientes<\/strong><\/td>\n<td width=\"511\">Art. 6.1.b GDPR: execu\u00e7\u00e3o de um contrato em que o sujeito dos dados \u00e9 parte.<\/td>\n<\/tr>\n<tr>\n<td width=\"92\"><strong>Candidatos<\/strong><\/td>\n<td width=\"511\">Art. 6.1.a RGPD: consentimento do pr\u00f3prio sujeito dos dados.<\/td>\n<\/tr>\n<tr>\n<td width=\"92\"><strong>Utilizadores da web<\/strong><\/td>\n<td width=\"511\">Art. 6.1.a RGPD: consentimento do pr\u00f3prio sujeito dos dados.<\/td>\n<\/tr>\n<\/tbody>\n<\/table>\n<p>Os dados que lhe pedimos s\u00e3o adequados, relevantes e estritamente necess\u00e1rios e o cliente n\u00e3o tem qualquer obriga\u00e7\u00e3o de os fornecer, mas o n\u00e3o fornecimento pode afectar a finalidade do servi\u00e7o ou a impossibilidade de o fornecer.<\/p>\n<\/div>\n<\/div>\n<div class=\"elementor-element elementor-element-63f171c0 elementor-widget elementor-widget-text-editor\" data-id=\"63f171c0\" data-element_type=\"widget\" data-widget_type=\"text-editor.default\">\n<div class=\"elementor-widget-container\">\n<h3>Durante quanto tempo vamos manter os seus dados pessoais?<\/h3>\n<p>Os seus dados ser\u00e3o mantidos durante o tempo m\u00ednimo necess\u00e1rio para a correcta presta\u00e7\u00e3o do servi\u00e7o oferecido, bem como para cumprir as responsabilidades que possam surgir do mesmo e de qualquer outro requisito legal.<\/p>\n<\/div>\n<\/div>\n<div class=\"elementor-element elementor-element-472ca96 elementor-widget elementor-widget-text-editor\" data-id=\"472ca96\" data-element_type=\"widget\" data-widget_type=\"text-editor.default\">\n<div class=\"elementor-widget-container\">\n<h3>Quais s\u00e3o os seus direitos quando nos fornece os seus dados?<\/h3>\n<p>Os direitos de protec\u00e7\u00e3o de dados que as pessoas em causa podem exercer, quando aplic\u00e1vel, s\u00e3o:<\/p>\n<ul>\n<li>Direito de solicitar o acesso aos dados pessoais relativos \u00e0 pessoa em causa.<\/li>\n<li>Direito de rectifica\u00e7\u00e3o ou apagamento.<\/li>\n<li>Direito de objec\u00e7\u00e3o.<\/li>\n<li>O direito de solicitar a restri\u00e7\u00e3o do processamento.<\/li>\n<li>Direito \u00e0 portabilidade dos dados.<\/li>\n<li>O direito de n\u00e3o estar sujeito a decis\u00f5es baseadas unicamente no tratamento automatizado de dados.<\/li>\n<\/ul>\n<p>Os titulares dos dados pessoais obtidos podem exercer os seus direitos de protec\u00e7\u00e3o de dados pessoais enviando uma comunica\u00e7\u00e3o escrita para a sede social da\u00a0<strong>Gesti\u00f3n Inteligente de Cargas S.L<\/strong>. ou para o endere\u00e7o de correio electr\u00f3nico\u00a0<a href=\"mailto:info@recargagic.com\">info@recargagic.com<\/a>.<\/p>\n<p>Modelos, formul\u00e1rios e mais informa\u00e7\u00f5es sobre os seus direitos est\u00e3o dispon\u00edveis no website da autoridade supervisora nacional, Ag\u00eancia Espa\u00f1ola de Protecci\u00f3n de Datos, a seguir AEPD,\u00a0<a href=\"https:\/\/www.aepd.es\/es\">www.aepd.es<\/a>.<\/p>\n<\/div>\n<\/div>\n<div class=\"elementor-element elementor-element-64ff821a elementor-widget elementor-widget-text-editor\" data-id=\"64ff821a\" data-element_type=\"widget\" data-widget_type=\"text-editor.default\">\n<div class=\"elementor-widget-container\">\n<h3>\u00bfCu\u00e1les son sus derechos cuando nos facilita sus datos?<\/h3>\n<p>Los derechos de protecci\u00f3n de datos que podr\u00e1n ejercer los interesados, cuando procedan, son:<\/p>\n<ul>\n<li>Derecho a solicitar el acceso a los datos personales relativos al interesado.<\/li>\n<li>Derecho de rectificaci\u00f3n o supresi\u00f3n.<\/li>\n<li>Derecho de oposici\u00f3n.<\/li>\n<li>Derecho a solicitar la limitaci\u00f3n de su tratamiento.<\/li>\n<li>Derecho a la portabilidad de los datos.<\/li>\n<li>Derecho a no ser objeto de decisiones basadas \u00fanicamente en el tratamiento automatizado de datos.<\/li>\n<\/ul>\n<p>Los titulares de los datos personales obtenidos podr\u00e1n ejercer sus derechos de protecci\u00f3n de datos personales dirigiendo una comunicaci\u00f3n por escrito al domicilio social de\u00a0<strong>Gesti\u00f3n Inteligente de Cargas S.L<\/strong>\u00a0o al correo electr\u00f3nico\u00a0<a href=\"mailto:info@recargagic.com\" target=\"_blank\" rel=\"noopener\"><strong>info@recargagic.com<\/strong><\/a><\/p>\n<p>Modelos, formularios y m\u00e1s informaci\u00f3n disponible sobre sus derechos en la p\u00e1gina web de la autoridad de control nacional, Agencia Espa\u00f1ola de Protecci\u00f3n de Datos, en adelante, AEPD,\u00a0<a href=\"http:\/\/www.aepd.es\/\" target=\"_blank\" rel=\"noopener\">www.aepd.es<\/a><\/p>\n<p>&nbsp;<\/p>\n<\/div>\n<\/div>\n<div class=\"elementor-element elementor-element-33194bbf elementor-widget elementor-widget-text-editor\" data-id=\"33194bbf\" data-element_type=\"widget\" data-widget_type=\"text-editor.default\">\n<div class=\"elementor-widget-container\">\n<h3>Posso retirar o meu consentimento?<\/h3>\n<p>Tem a possibilidade e o direito de retirar o consentimento para qualquer fim espec\u00edfico dado na altura, sem afectar a legalidade do processamento baseado no consentimento antes da sua retirada.<\/p>\n<\/div>\n<\/div>\n<div class=\"elementor-element elementor-element-15c2e062 elementor-widget elementor-widget-text-editor\" data-id=\"15c2e062\" data-element_type=\"widget\" data-widget_type=\"text-editor.default\">\n<div class=\"elementor-widget-container\">\n<h3>Onde posso reclamar se sentir que os meus dados n\u00e3o est\u00e3o a ser tratados correctamente?<\/h3>\n<p>Se qualquer pessoa interessada considerar que os seus dados n\u00e3o est\u00e3o a ser correctamente tratados pela Gesti\u00f3n Inteligente de Cargas S.L. ou que os pedidos de exerc\u00edcio dos seus direitos n\u00e3o foram satisfatoriamente tratados, pode apresentar uma queixa \u00e0 autoridade de protec\u00e7\u00e3o de dados correspondente, sendo a AEPD a indicada no territ\u00f3rio nacional,\u00a0<a href=\"https:\/\/www.aepd.es\/es\">www.aepd.es<\/a>.<\/p>\n<\/div>\n<\/div>\n<div class=\"elementor-element elementor-element-13fe887a elementor-widget elementor-widget-text-editor\" data-id=\"13fe887a\" data-element_type=\"widget\" data-widget_type=\"text-editor.default\">\n<div class=\"elementor-widget-container\">\n<h3>Seguran\u00e7a e actualiza\u00e7\u00e3o dos seus dados pessoais<\/h3>\n<p>A fim de salvaguardar a seguran\u00e7a dos seus dados pessoais, informamos que adopt\u00e1mos todas as medidas t\u00e9cnicas e organizacionais necess\u00e1rias para garantir a seguran\u00e7a dos dados pessoais fornecidos. Tudo isto para evitar a sua altera\u00e7\u00e3o, perda e\/ou processamento ou acesso n\u00e3o autorizado, conforme exigido por lei, embora n\u00e3o exista seguran\u00e7a absoluta.<\/p>\n<p>Para que possamos manter os seus dados pessoais actualizados, \u00e9 importante que nos informe sempre que se verifique uma altera\u00e7\u00e3o nos seus dados pessoais.<\/p>\n<\/div>\n<\/div>\n<div class=\"elementor-element elementor-element-6ecc1b1 elementor-widget elementor-widget-text-editor\" data-id=\"6ecc1b1\" data-element_type=\"widget\" data-widget_type=\"text-editor.default\">\n<div class=\"elementor-widget-container\">\n<h3>Confidencialidade<\/h3>\n<p>Gesti\u00f3n Inteligente de Cargas S.L. informa-o que os seus dados ser\u00e3o tratados com o maior cuidado e confidencialidade por todo o pessoal envolvido em qualquer uma das fases de processamento. N\u00e3o transferiremos ou comunicaremos os seus dados a terceiros, excepto nos casos previstos por lei, ou a menos que o interessado nos tenha expressamente autorizado a faz\u00ea-lo.<\/p>\n<\/div>\n<\/div>\n<div class=\"elementor-element elementor-element-1b44de93 elementor-widget elementor-widget-spacer\" data-id=\"1b44de93\" data-element_type=\"widget\" data-widget_type=\"spacer.default\">\n<div class=\"elementor-widget-container\">\n<div class=\"elementor-spacer\"><\/div>\n<\/div>\n<\/div>\n<\/div>","protected":false},"excerpt":{"rendered":"<p>Pol\u00edtica de Privacidade Seguindo os princ\u00edpios da legalidade, lealdade e transpar\u00eancia, fornecemos-lhe a seguinte Pol\u00edtica de Privacidade Quem \u00e9 respons\u00e1vel<\/p>\n","protected":false},"author":2,"featured_media":0,"parent":0,"menu_order":0,"comment_status":"closed","ping_status":"closed","template":"","meta":{"footnotes":""},"class_list":["post-876","page","type-page","status-publish","hentry"],"yoast_head":"<!-- This site is optimized with the Yoast SEO plugin v26.5 - https:\/\/yoast.com\/wordpress\/plugins\/seo\/ -->\n<title>Pol\u00edtica de Privacidade - Gic<\/title>\n<meta name=\"robots\" content=\"index, follow, max-snippet:-1, max-image-preview:large, max-video-preview:-1\" \/>\n<link rel=\"canonical\" href=\"http:\/\/recargagic.com\/pt-pt\/politica-de-privacidad\/\" \/>\n<meta property=\"og:locale\" content=\"pt_PT\" \/>\n<meta property=\"og:type\" content=\"article\" \/>\n<meta property=\"og:title\" content=\"Pol\u00edtica de Privacidade - Gic\" \/>\n<meta property=\"og:description\" content=\"Pol\u00edtica de Privacidade Seguindo os princ\u00edpios da legalidade, lealdade e transpar\u00eancia, fornecemos-lhe a seguinte Pol\u00edtica de Privacidade Quem \u00e9 respons\u00e1vel\" \/>\n<meta property=\"og:url\" content=\"http:\/\/recargagic.com\/pt-pt\/politica-de-privacidad\/\" \/>\n<meta property=\"og:site_name\" content=\"Gic\" \/>\n<meta property=\"article:modified_time\" content=\"2024-09-04T17:42:51+00:00\" \/>\n<meta name=\"twitter:card\" content=\"summary_large_image\" \/>\n<meta name=\"twitter:label1\" content=\"Tempo estimado de leitura\" \/>\n\t<meta name=\"twitter:data1\" content=\"5 minutos\" \/>\n<script type=\"application\/ld+json\" class=\"yoast-schema-graph\">{\"@context\":\"https:\/\/schema.org\",\"@graph\":[{\"@type\":\"WebPage\",\"@id\":\"http:\/\/recargagic.com\/pt-pt\/politica-de-privacidad\/\",\"url\":\"http:\/\/recargagic.com\/pt-pt\/politica-de-privacidad\/\",\"name\":\"Pol\u00edtica de Privacidade - Gic\",\"isPartOf\":{\"@id\":\"http:\/\/recargagic.com\/pt-pt\/#website\"},\"datePublished\":\"2024-09-04T16:18:57+00:00\",\"dateModified\":\"2024-09-04T17:42:51+00:00\",\"breadcrumb\":{\"@id\":\"http:\/\/recargagic.com\/pt-pt\/politica-de-privacidad\/#breadcrumb\"},\"inLanguage\":\"pt-PT\",\"potentialAction\":[{\"@type\":\"ReadAction\",\"target\":[\"http:\/\/recargagic.com\/pt-pt\/politica-de-privacidad\/\"]}]},{\"@type\":\"BreadcrumbList\",\"@id\":\"http:\/\/recargagic.com\/pt-pt\/politica-de-privacidad\/#breadcrumb\",\"itemListElement\":[{\"@type\":\"ListItem\",\"position\":1,\"name\":\"Portada\",\"item\":\"http:\/\/recargagic.com\/pt-pt\/\"},{\"@type\":\"ListItem\",\"position\":2,\"name\":\"Pol\u00edtica de Privacidade\"}]},{\"@type\":\"WebSite\",\"@id\":\"http:\/\/recargagic.com\/pt-pt\/#website\",\"url\":\"http:\/\/recargagic.com\/pt-pt\/\",\"name\":\"Gic\",\"description\":\"Recarga Inteligente de Carga\",\"potentialAction\":[{\"@type\":\"SearchAction\",\"target\":{\"@type\":\"EntryPoint\",\"urlTemplate\":\"http:\/\/recargagic.com\/pt-pt\/?s={search_term_string}\"},\"query-input\":{\"@type\":\"PropertyValueSpecification\",\"valueRequired\":true,\"valueName\":\"search_term_string\"}}],\"inLanguage\":\"pt-PT\"}]}<\/script>\n<!-- \/ Yoast SEO plugin. -->","yoast_head_json":{"title":"Pol\u00edtica de Privacidade - Gic","robots":{"index":"index","follow":"follow","max-snippet":"max-snippet:-1","max-image-preview":"max-image-preview:large","max-video-preview":"max-video-preview:-1"},"canonical":"http:\/\/recargagic.com\/pt-pt\/politica-de-privacidad\/","og_locale":"pt_PT","og_type":"article","og_title":"Pol\u00edtica de Privacidade - Gic","og_description":"Pol\u00edtica de Privacidade Seguindo os princ\u00edpios da legalidade, lealdade e transpar\u00eancia, fornecemos-lhe a seguinte Pol\u00edtica de Privacidade Quem \u00e9 respons\u00e1vel","og_url":"http:\/\/recargagic.com\/pt-pt\/politica-de-privacidad\/","og_site_name":"Gic","article_modified_time":"2024-09-04T17:42:51+00:00","twitter_card":"summary_large_image","twitter_misc":{"Tempo estimado de leitura":"5 minutos"},"schema":{"@context":"https:\/\/schema.org","@graph":[{"@type":"WebPage","@id":"http:\/\/recargagic.com\/pt-pt\/politica-de-privacidad\/","url":"http:\/\/recargagic.com\/pt-pt\/politica-de-privacidad\/","name":"Pol\u00edtica de Privacidade - Gic","isPartOf":{"@id":"http:\/\/recargagic.com\/pt-pt\/#website"},"datePublished":"2024-09-04T16:18:57+00:00","dateModified":"2024-09-04T17:42:51+00:00","breadcrumb":{"@id":"http:\/\/recargagic.com\/pt-pt\/politica-de-privacidad\/#breadcrumb"},"inLanguage":"pt-PT","potentialAction":[{"@type":"ReadAction","target":["http:\/\/recargagic.com\/pt-pt\/politica-de-privacidad\/"]}]},{"@type":"BreadcrumbList","@id":"http:\/\/recargagic.com\/pt-pt\/politica-de-privacidad\/#breadcrumb","itemListElement":[{"@type":"ListItem","position":1,"name":"Portada","item":"http:\/\/recargagic.com\/pt-pt\/"},{"@type":"ListItem","position":2,"name":"Pol\u00edtica de Privacidade"}]},{"@type":"WebSite","@id":"http:\/\/recargagic.com\/pt-pt\/#website","url":"http:\/\/recargagic.com\/pt-pt\/","name":"Gic","description":"Recarga Inteligente de Carga","potentialAction":[{"@type":"SearchAction","target":{"@type":"EntryPoint","urlTemplate":"http:\/\/recargagic.com\/pt-pt\/?s={search_term_string}"},"query-input":{"@type":"PropertyValueSpecification","valueRequired":true,"valueName":"search_term_string"}}],"inLanguage":"pt-PT"}]}},"_links":{"self":[{"href":"http:\/\/recargagic.com\/pt-pt\/wp-json\/wp\/v2\/pages\/876","targetHints":{"allow":["GET"]}}],"collection":[{"href":"http:\/\/recargagic.com\/pt-pt\/wp-json\/wp\/v2\/pages"}],"about":[{"href":"http:\/\/recargagic.com\/pt-pt\/wp-json\/wp\/v2\/types\/page"}],"author":[{"embeddable":true,"href":"http:\/\/recargagic.com\/pt-pt\/wp-json\/wp\/v2\/users\/2"}],"replies":[{"embeddable":true,"href":"http:\/\/recargagic.com\/pt-pt\/wp-json\/wp\/v2\/comments?post=876"}],"version-history":[{"count":2,"href":"http:\/\/recargagic.com\/pt-pt\/wp-json\/wp\/v2\/pages\/876\/revisions"}],"predecessor-version":[{"id":878,"href":"http:\/\/recargagic.com\/pt-pt\/wp-json\/wp\/v2\/pages\/876\/revisions\/878"}],"wp:attachment":[{"href":"http:\/\/recargagic.com\/pt-pt\/wp-json\/wp\/v2\/media?parent=876"}],"curies":[{"name":"wp","href":"https:\/\/api.w.org\/{rel}","templated":true}]}}