{"id":709,"date":"2024-07-24T15:59:22","date_gmt":"2024-07-24T15:59:22","guid":{"rendered":"https:\/\/gic.testmillennials.es\/noticias\/"},"modified":"2024-08-27T22:36:41","modified_gmt":"2024-08-27T22:36:41","slug":"noticias","status":"publish","type":"page","link":"http:\/\/recargagic.com\/pt-pt\/noticias\/","title":{"rendered":"Noticias"},"content":{"rendered":"<div class=\"wpb-content-wrapper\"><p>[vc_row][vc_column]\t\t\t<link rel=\"stylesheet\" id=\"wd-blog-base-css\" href=\"http:\/\/recargagic.com\/wp-content\/themes\/woodmart\/css\/parts\/blog-base.min.css?ver=7.5.2\" type=\"text\/css\" media=\"all\" \/> \t\t\t\t\t\t<link rel=\"stylesheet\" id=\"wd-blog-loop-base-old-css\" href=\"http:\/\/recargagic.com\/wp-content\/themes\/woodmart\/css\/parts\/blog-loop-base-old.min.css?ver=7.5.2\" type=\"text\/css\" media=\"all\" \/> \t\t\t\t\t\t<link rel=\"stylesheet\" id=\"wd-blog-loop-design-default-css\" href=\"http:\/\/recargagic.com\/wp-content\/themes\/woodmart\/css\/parts\/blog-loop-design-default.min.css?ver=7.5.2\" type=\"text\/css\" media=\"all\" \/> \t\t\t<div class=\"wd-blog-element wd-wpb wd-rs-66a124c4dbd4f\"><div class=\"wd-posts wd-blog-holder  wd-grid-g\" id=\"69e1290fa56e5\" data-paged=\"1\" data-atts=\"{&quot;carousel_id&quot;:&quot;5000&quot;,&quot;speed&quot;:&quot;5000&quot;,&quot;slides_per_view&quot;:&quot;3&quot;,&quot;slides_per_view_tablet&quot;:&quot;auto&quot;,&quot;slides_per_view_mobile&quot;:&quot;auto&quot;,&quot;wrap&quot;:&quot;&quot;,&quot;loop&quot;:false,&quot;autoplay&quot;:&quot;no&quot;,&quot;autoheight&quot;:&quot;no&quot;,&quot;hide_pagination_control&quot;:&quot;&quot;,&quot;hide_pagination_control_tablet&quot;:&quot;yes&quot;,&quot;hide_pagination_control_mobile&quot;:&quot;yes&quot;,&quot;dynamic_pagination_control&quot;:&quot;&quot;,&quot;hide_prev_next_buttons&quot;:&quot;&quot;,&quot;carousel_arrows_position&quot;:&quot;&quot;,&quot;hide_scrollbar&quot;:&quot;yes&quot;,&quot;hide_scrollbar_tablet&quot;:&quot;yes&quot;,&quot;hide_scrollbar_mobile&quot;:&quot;yes&quot;,&quot;scroll_per_page&quot;:&quot;yes&quot;,&quot;dragEndSpeed&quot;:200,&quot;center_mode&quot;:&quot;no&quot;,&quot;custom_sizes&quot;:&quot;&quot;,&quot;sliding_speed&quot;:false,&quot;animation&quot;:false,&quot;content_animation&quot;:false,&quot;post_type&quot;:&quot;post&quot;,&quot;slider&quot;:&quot;&quot;,&quot;library&quot;:&quot;&quot;,&quot;css&quot;:&quot;&quot;,&quot;effect&quot;:&quot;&quot;,&quot;spacing&quot;:&quot;&quot;,&quot;spacing_tablet&quot;:&quot;&quot;,&quot;spacing_mobile&quot;:&quot;&quot;,&quot;carousel_sync&quot;:&quot;&quot;,&quot;sync_parent_id&quot;:&quot;&quot;,&quot;sync_child_id&quot;:&quot;&quot;,&quot;scroll_carousel_init&quot;:&quot;no&quot;,&quot;disable_overflow_carousel&quot;:&quot;&quot;,&quot;include&quot;:&quot;&quot;,&quot;custom_query&quot;:&quot;&quot;,&quot;taxonomies&quot;:&quot;&quot;,&quot;pagination&quot;:&quot;pagination&quot;,&quot;parts_media&quot;:true,&quot;parts_title&quot;:&quot;1&quot;,&quot;parts_meta&quot;:&quot;0&quot;,&quot;parts_text&quot;:&quot;1&quot;,&quot;parts_btn&quot;:&quot;0&quot;,&quot;items_per_page&quot;:12,&quot;offset&quot;:&quot;&quot;,&quot;orderby&quot;:&quot;date&quot;,&quot;order&quot;:&quot;DESC&quot;,&quot;meta_key&quot;:&quot;&quot;,&quot;exclude&quot;:&quot;&quot;,&quot;class&quot;:&quot;&quot;,&quot;ajax_page&quot;:&quot;&quot;,&quot;img_size&quot;:&quot;full&quot;,&quot;blog_design&quot;:&quot;default&quot;,&quot;blog_carousel_design&quot;:&quot;masonry&quot;,&quot;blog_columns&quot;:3,&quot;blog_columns_tablet&quot;:&quot;auto&quot;,&quot;blog_columns_mobile&quot;:&quot;auto&quot;,&quot;blog_spacing&quot;:&quot;20&quot;,&quot;blog_spacing_tablet&quot;:&quot;&quot;,&quot;blog_spacing_mobile&quot;:&quot;&quot;,&quot;lazy_loading&quot;:&quot;no&quot;,&quot;search&quot;:&quot;&quot;,&quot;woodmart_css_id&quot;:&quot;66a124c4dbd4f&quot;}\" data-source=\"shortcode\">\n<article id=\"post-747\" class=\"wd-post blog-design-default blog-post-loop blog-style-bg wd-add-shadow wd-col post-747 post type-post status-publish format-standard has-post-thumbnail hentry category-sem-categoria tag-gic-pt-pt\">\n\t<div class=\"article-inner\">\n\t\t\t\t\t<header class=\"entry-header\">\n\t\t\t\t\t\t\t\t\t<figure id=\"carousel-268\" class=\"entry-thumbnail\">\n\t\t\t\t\t\t\n\t\t\t\t\t\t\t<div class=\"post-img-wrapp\">\n\t\t\t\t\t\t\t\t<a href=\"http:\/\/recargagic.com\/pt-pt\/gic-pone-en-marcha-un-nuevo-punto-de-recarga-rapida-en-el-corazon-de-madrid\/\">\n\t\t\t\t\t\t\t\t\t<img loading=\"lazy\" decoding=\"async\" width=\"800\" height=\"445\" src=\"http:\/\/recargagic.com\/wp-content\/uploads\/2024\/07\/punto-recarga-rapida-GIC-en-Madrid.jpg\" class=\"attachment-full size-full\" alt=\"\" srcset=\"http:\/\/recargagic.com\/wp-content\/uploads\/2024\/07\/punto-recarga-rapida-GIC-en-Madrid.jpg 800w, http:\/\/recargagic.com\/wp-content\/uploads\/2024\/07\/punto-recarga-rapida-GIC-en-Madrid-300x167.jpg 300w, http:\/\/recargagic.com\/wp-content\/uploads\/2024\/07\/punto-recarga-rapida-GIC-en-Madrid-768x427.jpg 768w\" sizes=\"auto, (max-width: 800px) 100vw, 800px\" \/>\t\t\t\t\t\t\t\t<\/a>\n\t\t\t\t\t\t\t<\/div>\n\t\t\t\t\t\t\t<div class=\"post-image-mask\">\n\t\t\t\t\t\t\t\t<span><\/span>\n\t\t\t\t\t\t\t<\/div>\n\n\t\t\t\t\t\t\n\t\t\t\t\t<\/figure>\n\t\t\t\t\n\t\t\t\t\t\t\t\t\t\t\t\t<div class=\"post-date wd-post-date wd-style-with-bg\">\n\t\t\t\t<span class=\"post-date-day\">\n\t\t\t\t\t24\t\t\t\t<\/span>\n\t\t\t\t<span class=\"post-date-month\">\n\t\t\t\t\tJul\t\t\t\t<\/span>\n\t\t\t<\/div>\n\t\t\t\t\t\t\n\t\t\t<\/header><!-- .entry-header -->\n\n\t\t<div class=\"article-body-container\">\n\t\t\t\n\t\t\t\t\n\t\t\t\t\t\t\t\t\t<h3 class=\"wd-entities-title title post-title\">\n\t\t\t\t\t\t<a href=\"http:\/\/recargagic.com\/pt-pt\/gic-pone-en-marcha-un-nuevo-punto-de-recarga-rapida-en-el-corazon-de-madrid\/\" rel=\"bookmark\">GIC pone en marcha un nuevo punto de recarga r\u00e1pida en el coraz\u00f3n de Madrid<\/a>\n\t\t\t\t\t<\/h3>\n\t\t\t\t\n\t\t\t\t\t\t\t\n\t\t\t\t\t\t\t\n\t\t\t\t                    <div class=\"entry-content wd-entry-content\">\n\t\t\t\t\t\tA C\u00e2mara Municipal da capital inaugura este ponto de carregamento r\u00e1pido para ve\u00edculos el\u00e9ctricos e conta agora com 45 pontos de acesso...\n\t\t\t\t\t\t\t\t\t\t\t<\/div><!-- .entry-content -->\n\t\t\t\t\n\t\t\t\t\t\t\t\n\t\t\t\n\t\t\t\t\t<\/div>\n\t<\/div>\n<\/article><!-- #post -->\n\n\n\n<article id=\"post-750\" class=\"wd-post blog-design-default blog-post-loop blog-style-bg wd-add-shadow wd-col post-750 post type-post status-publish format-standard has-post-thumbnail hentry category-sem-categoria tag-gic-pt-pt\">\n\t<div class=\"article-inner\">\n\t\t\t\t\t<header class=\"entry-header\">\n\t\t\t\t\t\t\t\t\t<figure id=\"carousel-616\" class=\"entry-thumbnail\">\n\t\t\t\t\t\t\n\t\t\t\t\t\t\t<div class=\"post-img-wrapp\">\n\t\t\t\t\t\t\t\t<a href=\"http:\/\/recargagic.com\/pt-pt\/acto-en-estaciones-de-recarga\/\">\n\t\t\t\t\t\t\t\t\t<img loading=\"lazy\" decoding=\"async\" width=\"800\" height=\"445\" src=\"http:\/\/recargagic.com\/wp-content\/uploads\/2024\/07\/Acto-En-Estaciones-De-Recarga-_GIC_.jpg\" class=\"attachment-full size-full\" alt=\"\" srcset=\"http:\/\/recargagic.com\/wp-content\/uploads\/2024\/07\/Acto-En-Estaciones-De-Recarga-_GIC_.jpg 800w, http:\/\/recargagic.com\/wp-content\/uploads\/2024\/07\/Acto-En-Estaciones-De-Recarga-_GIC_-300x167.jpg 300w, http:\/\/recargagic.com\/wp-content\/uploads\/2024\/07\/Acto-En-Estaciones-De-Recarga-_GIC_-768x427.jpg 768w\" sizes=\"auto, (max-width: 800px) 100vw, 800px\" \/>\t\t\t\t\t\t\t\t<\/a>\n\t\t\t\t\t\t\t<\/div>\n\t\t\t\t\t\t\t<div class=\"post-image-mask\">\n\t\t\t\t\t\t\t\t<span><\/span>\n\t\t\t\t\t\t\t<\/div>\n\n\t\t\t\t\t\t\n\t\t\t\t\t<\/figure>\n\t\t\t\t\n\t\t\t\t\t\t\t\t\t\t\t\t<div class=\"post-date wd-post-date wd-style-with-bg\">\n\t\t\t\t<span class=\"post-date-day\">\n\t\t\t\t\t24\t\t\t\t<\/span>\n\t\t\t\t<span class=\"post-date-month\">\n\t\t\t\t\tJul\t\t\t\t<\/span>\n\t\t\t<\/div>\n\t\t\t\t\t\t\n\t\t\t<\/header><!-- .entry-header -->\n\n\t\t<div class=\"article-body-container\">\n\t\t\t\n\t\t\t\t\n\t\t\t\t\t\t\t\t\t<h3 class=\"wd-entities-title title post-title\">\n\t\t\t\t\t\t<a href=\"http:\/\/recargagic.com\/pt-pt\/acto-en-estaciones-de-recarga\/\" rel=\"bookmark\">Acto en estaciones de recarga<\/a>\n\t\t\t\t\t<\/h3>\n\t\t\t\t\n\t\t\t\t\t\t\t\n\t\t\t\t\t\t\t\n\t\t\t\t                    <div class=\"entry-content wd-entry-content\">\n\t\t\t\t\t\tComo parte das actividades que est\u00e3o a ser desenvolvidas pela C\u00e2mara Municipal de Madrid para atrair e sensibilizar os cidad\u00e3os para os...\n\t\t\t\t\t\t\t\t\t\t\t<\/div><!-- .entry-content -->\n\t\t\t\t\n\t\t\t\t\t\t\t\n\t\t\t\n\t\t\t\t\t<\/div>\n\t<\/div>\n<\/article><!-- #post -->\n\n\n\n<article id=\"post-745\" class=\"wd-post blog-design-default blog-post-loop blog-style-bg wd-add-shadow wd-col post-745 post type-post status-publish format-standard has-post-thumbnail hentry category-sem-categoria tag-gic-pt-pt\">\n\t<div class=\"article-inner\">\n\t\t\t\t\t<header class=\"entry-header\">\n\t\t\t\t\t\t\t\t\t<figure id=\"carousel-758\" class=\"entry-thumbnail\">\n\t\t\t\t\t\t\n\t\t\t\t\t\t\t<div class=\"post-img-wrapp\">\n\t\t\t\t\t\t\t\t<a href=\"http:\/\/recargagic.com\/pt-pt\/gic-ofrece-recargas-gratuitas-a-los-heroes-del-covid19-con-vehiculo-electrico\/\">\n\t\t\t\t\t\t\t\t\t<img loading=\"lazy\" decoding=\"async\" width=\"800\" height=\"445\" src=\"http:\/\/recargagic.com\/wp-content\/uploads\/2024\/07\/GIC-COVID-19.jpg\" class=\"attachment-full size-full\" alt=\"\" srcset=\"http:\/\/recargagic.com\/wp-content\/uploads\/2024\/07\/GIC-COVID-19.jpg 800w, http:\/\/recargagic.com\/wp-content\/uploads\/2024\/07\/GIC-COVID-19-300x167.jpg 300w, http:\/\/recargagic.com\/wp-content\/uploads\/2024\/07\/GIC-COVID-19-768x427.jpg 768w\" sizes=\"auto, (max-width: 800px) 100vw, 800px\" \/>\t\t\t\t\t\t\t\t<\/a>\n\t\t\t\t\t\t\t<\/div>\n\t\t\t\t\t\t\t<div class=\"post-image-mask\">\n\t\t\t\t\t\t\t\t<span><\/span>\n\t\t\t\t\t\t\t<\/div>\n\n\t\t\t\t\t\t\n\t\t\t\t\t<\/figure>\n\t\t\t\t\n\t\t\t\t\t\t\t\t\t\t\t\t<div class=\"post-date wd-post-date wd-style-with-bg\">\n\t\t\t\t<span class=\"post-date-day\">\n\t\t\t\t\t24\t\t\t\t<\/span>\n\t\t\t\t<span class=\"post-date-month\">\n\t\t\t\t\tJul\t\t\t\t<\/span>\n\t\t\t<\/div>\n\t\t\t\t\t\t\n\t\t\t<\/header><!-- .entry-header -->\n\n\t\t<div class=\"article-body-container\">\n\t\t\t\n\t\t\t\t\n\t\t\t\t\t\t\t\t\t<h3 class=\"wd-entities-title title post-title\">\n\t\t\t\t\t\t<a href=\"http:\/\/recargagic.com\/pt-pt\/gic-ofrece-recargas-gratuitas-a-los-heroes-del-covid19-con-vehiculo-electrico\/\" rel=\"bookmark\">GIC ofrece recargas gratuitas a los h\u00e9roes del COVID19 con veh\u00edculo el\u00e9ctrico<\/a>\n\t\t\t\t\t<\/h3>\n\t\t\t\t\n\t\t\t\t\t\t\t\n\t\t\t\t\t\t\t\n\t\t\t\t                    <div class=\"entry-content wd-entry-content\">\n\t\t\t\t\t\tA empresa que opera e instala pontos de carregamento de ve\u00edculos el\u00e9ctricos, GIC, parte do Grupo ETRA, decidiu oferecer carregamento gr...\n\t\t\t\t\t\t\t\t\t\t\t<\/div><!-- .entry-content -->\n\t\t\t\t\n\t\t\t\t\t\t\t\n\t\t\t\n\t\t\t\t\t<\/div>\n\t<\/div>\n<\/article><!-- #post -->\n\n\n<\/div><\/div>[\/vc_column][\/vc_row]<\/p>\n<\/div>","protected":false},"excerpt":{"rendered":"<p>[vc_row][vc_column][\/vc_column][\/vc_row]<\/p>\n","protected":false},"author":2,"featured_media":0,"parent":0,"menu_order":0,"comment_status":"closed","ping_status":"closed","template":"","meta":{"footnotes":""},"class_list":["post-709","page","type-page","status-publish","hentry"],"yoast_head":"<!-- This site is optimized with the Yoast SEO plugin v26.5 - https:\/\/yoast.com\/wordpress\/plugins\/seo\/ -->\n<title>Noticias - Gic<\/title>\n<meta name=\"robots\" content=\"index, follow, max-snippet:-1, max-image-preview:large, max-video-preview:-1\" \/>\n<link rel=\"canonical\" href=\"http:\/\/recargagic.com\/pt-pt\/noticias\/\" \/>\n<meta property=\"og:locale\" content=\"pt_PT\" \/>\n<meta property=\"og:type\" content=\"article\" \/>\n<meta property=\"og:title\" content=\"Noticias - Gic\" \/>\n<meta property=\"og:description\" content=\"[vc_row][vc_column][\/vc_column][\/vc_row]\" \/>\n<meta property=\"og:url\" content=\"http:\/\/recargagic.com\/pt-pt\/noticias\/\" \/>\n<meta property=\"og:site_name\" content=\"Gic\" \/>\n<meta property=\"article:modified_time\" content=\"2024-08-27T22:36:41+00:00\" \/>\n<meta name=\"twitter:card\" content=\"summary_large_image\" \/>\n<script type=\"application\/ld+json\" class=\"yoast-schema-graph\">{\"@context\":\"https:\/\/schema.org\",\"@graph\":[{\"@type\":\"WebPage\",\"@id\":\"http:\/\/recargagic.com\/pt-pt\/noticias\/\",\"url\":\"http:\/\/recargagic.com\/pt-pt\/noticias\/\",\"name\":\"Noticias - Gic\",\"isPartOf\":{\"@id\":\"http:\/\/recargagic.com\/pt-pt\/#website\"},\"datePublished\":\"2024-07-24T15:59:22+00:00\",\"dateModified\":\"2024-08-27T22:36:41+00:00\",\"breadcrumb\":{\"@id\":\"http:\/\/recargagic.com\/pt-pt\/noticias\/#breadcrumb\"},\"inLanguage\":\"pt-PT\",\"potentialAction\":[{\"@type\":\"ReadAction\",\"target\":[\"http:\/\/recargagic.com\/pt-pt\/noticias\/\"]}]},{\"@type\":\"BreadcrumbList\",\"@id\":\"http:\/\/recargagic.com\/pt-pt\/noticias\/#breadcrumb\",\"itemListElement\":[{\"@type\":\"ListItem\",\"position\":1,\"name\":\"Portada\",\"item\":\"http:\/\/recargagic.com\/pt-pt\/\"},{\"@type\":\"ListItem\",\"position\":2,\"name\":\"Noticias\"}]},{\"@type\":\"WebSite\",\"@id\":\"http:\/\/recargagic.com\/pt-pt\/#website\",\"url\":\"http:\/\/recargagic.com\/pt-pt\/\",\"name\":\"Gic\",\"description\":\"Recarga Inteligente de Carga\",\"potentialAction\":[{\"@type\":\"SearchAction\",\"target\":{\"@type\":\"EntryPoint\",\"urlTemplate\":\"http:\/\/recargagic.com\/pt-pt\/?s={search_term_string}\"},\"query-input\":{\"@type\":\"PropertyValueSpecification\",\"valueRequired\":true,\"valueName\":\"search_term_string\"}}],\"inLanguage\":\"pt-PT\"}]}<\/script>\n<!-- \/ Yoast SEO plugin. -->","yoast_head_json":{"title":"Noticias - Gic","robots":{"index":"index","follow":"follow","max-snippet":"max-snippet:-1","max-image-preview":"max-image-preview:large","max-video-preview":"max-video-preview:-1"},"canonical":"http:\/\/recargagic.com\/pt-pt\/noticias\/","og_locale":"pt_PT","og_type":"article","og_title":"Noticias - Gic","og_description":"[vc_row][vc_column][\/vc_column][\/vc_row]","og_url":"http:\/\/recargagic.com\/pt-pt\/noticias\/","og_site_name":"Gic","article_modified_time":"2024-08-27T22:36:41+00:00","twitter_card":"summary_large_image","schema":{"@context":"https:\/\/schema.org","@graph":[{"@type":"WebPage","@id":"http:\/\/recargagic.com\/pt-pt\/noticias\/","url":"http:\/\/recargagic.com\/pt-pt\/noticias\/","name":"Noticias - Gic","isPartOf":{"@id":"http:\/\/recargagic.com\/pt-pt\/#website"},"datePublished":"2024-07-24T15:59:22+00:00","dateModified":"2024-08-27T22:36:41+00:00","breadcrumb":{"@id":"http:\/\/recargagic.com\/pt-pt\/noticias\/#breadcrumb"},"inLanguage":"pt-PT","potentialAction":[{"@type":"ReadAction","target":["http:\/\/recargagic.com\/pt-pt\/noticias\/"]}]},{"@type":"BreadcrumbList","@id":"http:\/\/recargagic.com\/pt-pt\/noticias\/#breadcrumb","itemListElement":[{"@type":"ListItem","position":1,"name":"Portada","item":"http:\/\/recargagic.com\/pt-pt\/"},{"@type":"ListItem","position":2,"name":"Noticias"}]},{"@type":"WebSite","@id":"http:\/\/recargagic.com\/pt-pt\/#website","url":"http:\/\/recargagic.com\/pt-pt\/","name":"Gic","description":"Recarga Inteligente de Carga","potentialAction":[{"@type":"SearchAction","target":{"@type":"EntryPoint","urlTemplate":"http:\/\/recargagic.com\/pt-pt\/?s={search_term_string}"},"query-input":{"@type":"PropertyValueSpecification","valueRequired":true,"valueName":"search_term_string"}}],"inLanguage":"pt-PT"}]}},"_links":{"self":[{"href":"http:\/\/recargagic.com\/pt-pt\/wp-json\/wp\/v2\/pages\/709","targetHints":{"allow":["GET"]}}],"collection":[{"href":"http:\/\/recargagic.com\/pt-pt\/wp-json\/wp\/v2\/pages"}],"about":[{"href":"http:\/\/recargagic.com\/pt-pt\/wp-json\/wp\/v2\/types\/page"}],"author":[{"embeddable":true,"href":"http:\/\/recargagic.com\/pt-pt\/wp-json\/wp\/v2\/users\/2"}],"replies":[{"embeddable":true,"href":"http:\/\/recargagic.com\/pt-pt\/wp-json\/wp\/v2\/comments?post=709"}],"version-history":[{"count":2,"href":"http:\/\/recargagic.com\/pt-pt\/wp-json\/wp\/v2\/pages\/709\/revisions"}],"predecessor-version":[{"id":752,"href":"http:\/\/recargagic.com\/pt-pt\/wp-json\/wp\/v2\/pages\/709\/revisions\/752"}],"wp:attachment":[{"href":"http:\/\/recargagic.com\/pt-pt\/wp-json\/wp\/v2\/media?parent=709"}],"curies":[{"name":"wp","href":"https:\/\/api.w.org\/{rel}","templated":true}]}}