{"id":689,"date":"2024-07-23T14:57:52","date_gmt":"2024-07-23T14:57:52","guid":{"rendered":"https:\/\/gic.testmillennials.es\/carga-publica\/"},"modified":"2024-09-04T11:30:52","modified_gmt":"2024-09-04T11:30:52","slug":"carregadores-publicos","status":"publish","type":"page","link":"http:\/\/recargagic.com\/pt-pt\/carregadores-publicos\/","title":{"rendered":"Carregadores P\u00fablicos"},"content":{"rendered":"<div class=\"wpb-content-wrapper\"><p>[vc_row full_width=&#8221;stretch_row_content_no_spaces&#8221; woodmart_bg_position=&#8221;center-center&#8221; css=&#8221;.vc_custom_1724317973243{margin-top: -70px !important;background-image: url(https:\/\/recargagic.com\/wp-content\/uploads\/2024\/07\/Casos-Exito-GiC_en-la-via-publica.jpg?id=51) !important;background-position: center !important;background-repeat: no-repeat !important;background-size: cover !important;}&#8221; woodmart_css_id=&#8221;66c70106ead0d&#8221; responsive_spacing=&#8221;eyJwYXJhbV90eXBlIjoid29vZG1hcnRfcmVzcG9uc2l2ZV9zcGFjaW5nIiwic2VsZWN0b3JfaWQiOiI2NmM3MDEwNmVhZDBkIiwic2hvcnRjb2RlIjoidmNfcm93IiwiZGF0YSI6eyJ0YWJsZXQiOnt9LCJtb2JpbGUiOnsibWFyZ2luLXRvcCI6Ii02MHB4In19fQ==&#8221; mobile_bg_img_hidden=&#8221;no&#8221; tablet_bg_img_hidden=&#8221;no&#8221; woodmart_parallax=&#8221;0&#8243; woodmart_gradient_switch=&#8221;no&#8221; woodmart_box_shadow=&#8221;no&#8221; wd_z_index=&#8221;no&#8221; woodmart_disable_overflow=&#8221;0&#8243; row_reverse_mobile=&#8221;0&#8243; row_reverse_tablet=&#8221;0&#8243;][vc_column parallax=&#8221;content-moving&#8221; parallax_image=&#8221;9456&#8243; parallax_speed_bg=&#8221;1&#8243; woodmart_css_id=&#8221;66c6ff701ed89&#8243; parallax_scroll=&#8221;no&#8221; woodmart_sticky_column=&#8221;false&#8221; wd_collapsible_content_switcher=&#8221;no&#8221; wd_column_role_offcanvas_desktop=&#8221;no&#8221; wd_column_role_offcanvas_tablet=&#8221;no&#8221; wd_column_role_offcanvas_mobile=&#8221;no&#8221; wd_column_role_content_desktop=&#8221;no&#8221; wd_column_role_content_tablet=&#8221;no&#8221; wd_column_role_content_mobile=&#8221;no&#8221; mobile_bg_img_hidden=&#8221;no&#8221; tablet_bg_img_hidden=&#8221;no&#8221; woodmart_parallax=&#8221;0&#8243; woodmart_box_shadow=&#8221;no&#8221; responsive_spacing=&#8221;eyJwYXJhbV90eXBlIjoid29vZG1hcnRfcmVzcG9uc2l2ZV9zcGFjaW5nIiwic2VsZWN0b3JfaWQiOiI2NmM2ZmY3MDFlZDg5Iiwic2hvcnRjb2RlIjoidmNfY29sdW1uIiwiZGF0YSI6eyJ0YWJsZXQiOnt9LCJtb2JpbGUiOnt9fX0=&#8221; mobile_reset_margin=&#8221;no&#8221; tablet_reset_margin=&#8221;no&#8221; wd_z_index=&#8221;no&#8221;]\t\t\t<link rel=\"stylesheet\" id=\"wd-section-title-css\" href=\"http:\/\/recargagic.com\/wp-content\/themes\/woodmart\/css\/parts\/el-section-title.min.css?ver=7.5.2\" type=\"text\/css\" media=\"all\" \/> \t\t\t\n\t\t<div id=\"wd-66ce042cee980\" class=\"title-wrapper wd-wpb set-mb-s reset-last-child  wd-rs-66ce042cee980 wd-title-color-white wd-title-style-default text-center vc_custom_1724777521603\">\n\t\t\t\n\t\t\t<div class=\"liner-continer\">\n\t\t\t\t<h1 class=\"woodmart-title-container title  wd-font-weight-900 wd-fontsize-xxxl\" >Carregadores P\u00fablicos<\/h1>\n\t\t\t\t\t\t\t<\/div>\n\t\t\t\n\t\t\t\n\t\t\t\n\t\t<\/div>\n\t\t\n\t\t[\/vc_column][\/vc_row][vc_row css=&#8221;.vc_custom_1721811576413{margin-top: 20px !important;margin-bottom: 30px !important;background-position: center !important;background-repeat: no-repeat !important;background-size: cover !important;}&#8221; woodmart_css_id=&#8221;66a0c2735d817&#8243; responsive_spacing=&#8221;eyJwYXJhbV90eXBlIjoid29vZG1hcnRfcmVzcG9uc2l2ZV9zcGFjaW5nIiwic2VsZWN0b3JfaWQiOiI2NmEwYzI3MzVkODE3Iiwic2hvcnRjb2RlIjoidmNfcm93IiwiZGF0YSI6eyJ0YWJsZXQiOnt9LCJtb2JpbGUiOnsibWFyZ2luLXRvcCI6IjVweCIsInBhZGRpbmctbGVmdCI6IjFweCJ9fX0=&#8221; mobile_bg_img_hidden=&#8221;no&#8221; tablet_bg_img_hidden=&#8221;no&#8221; woodmart_parallax=&#8221;0&#8243; woodmart_gradient_switch=&#8221;no&#8221; row_reverse_mobile=&#8221;0&#8243; row_reverse_tablet=&#8221;0&#8243; woodmart_disable_overflow=&#8221;0&#8243; woodmart_box_shadow=&#8221;no&#8221; wd_z_index=&#8221;no&#8221;][vc_column woodmart_text_align=&#8221;center&#8221; css=&#8221;.vc_custom_1725449450625{background-position: center !important;background-repeat: no-repeat !important;background-size: contain !important;}&#8221; woodmart_css_id=&#8221;66d844de10184&#8243; parallax_scroll=&#8221;no&#8221; woodmart_sticky_column=&#8221;false&#8221; wd_collapsible_content_switcher=&#8221;no&#8221; wd_column_role_offcanvas_desktop=&#8221;no&#8221; wd_column_role_offcanvas_tablet=&#8221;no&#8221; wd_column_role_offcanvas_mobile=&#8221;no&#8221; wd_column_role_content_desktop=&#8221;no&#8221; wd_column_role_content_tablet=&#8221;no&#8221; wd_column_role_content_mobile=&#8221;no&#8221; mobile_bg_img_hidden=&#8221;no&#8221; tablet_bg_img_hidden=&#8221;no&#8221; woodmart_parallax=&#8221;0&#8243; woodmart_box_shadow=&#8221;no&#8221; responsive_spacing=&#8221;eyJwYXJhbV90eXBlIjoid29vZG1hcnRfcmVzcG9uc2l2ZV9zcGFjaW5nIiwic2VsZWN0b3JfaWQiOiI2NmQ4NDRkZTEwMTg0Iiwic2hvcnRjb2RlIjoidmNfY29sdW1uIiwiZGF0YSI6eyJ0YWJsZXQiOnt9LCJtb2JpbGUiOnt9fX0=&#8221; mobile_reset_margin=&#8221;no&#8221; tablet_reset_margin=&#8221;no&#8221; wd_z_index=&#8221;no&#8221;]\t\t\t<link rel=\"stylesheet\" id=\"wd-mod-highlighted-text-css\" href=\"http:\/\/recargagic.com\/wp-content\/themes\/woodmart\/css\/parts\/mod-highlighted-text.min.css?ver=7.5.2\" type=\"text\/css\" media=\"all\" \/> \t\t\t\n\t\t<div id=\"wd-66ce03fbcf039\" class=\"title-wrapper wd-wpb set-mb-s reset-last-child  wd-rs-66ce03fbcf039 wd-title-color-default wd-title-style-default text-center vc_custom_1724777490662 wd-width-enabled wd-underline-colored\" style=\"--wd-max-width: 90%;\">\n\t\t\t\n\t\t\t<div class=\"liner-continer\">\n\t\t\t\t<h4 class=\"woodmart-title-container title  wd-font-weight- wd-fontsize-l\" >Solu\u00e7\u00e3o completa para <u>carregar o seu ve\u00edculo el\u00e9trico<\/u> dentro e fora de casa<\/h4>\n\t\t\t\t\t\t\t<\/div>\n\t\t\t\n\t\t\t\n\t\t\t\n\t\t<\/div>\n\t\t\n\t\t[vc_empty_space height=&#8221;60&#8243; woodmart_hide_large=&#8221;0&#8243; woodmart_hide_medium=&#8221;0&#8243; woodmart_hide_small=&#8221;0&#8243;][vc_raw_html css=&#8221;&#8221;]JTNDaWZyYW1lJTIwc3JjJTNEJTIyaHR0cHMlM0ElMkYlMkZjbGllbnRlcy5yZWNhcmdhZ2ljLmNvbSUyRk1hcGElMkZNYXBhLmh0bWwlM0ZpbmltYXAlM0RNYWRyaWQlMjZhbXAlM0JsYW5ndWFnZSUzRGVzJTIyJTIwd2lkdGglM0QlMjI2NDAlMjIlMjBoZWlnaHQlM0QlMjI2ODAlMjIlM0UlM0MlMkZpZnJhbWUlM0U=[\/vc_raw_html][\/vc_column][\/vc_row]<\/p>\n<\/div>","protected":false},"excerpt":{"rendered":"<p>[vc_row full_width=&#8221;stretch_row_content_no_spaces&#8221; woodmart_bg_position=&#8221;center-center&#8221; css=&#8221;.vc_custom_1724317973243{margin-top: -70px !important;background-image: url(https:\/\/recargagic.com\/wp-content\/uploads\/2024\/07\/Casos-Exito-GiC_en-la-via-publica.jpg?id=51) !important;background-position: center !important;background-repeat: no-repeat !important;background-size: cover !important;}&#8221; woodmart_css_id=&#8221;66c70106ead0d&#8221; responsive_spacing=&#8221;eyJwYXJhbV90eXBlIjoid29vZG1hcnRfcmVzcG9uc2l2ZV9zcGFjaW5nIiwic2VsZWN0b3JfaWQiOiI2NmM3MDEwNmVhZDBkIiwic2hvcnRjb2RlIjoidmNfcm93IiwiZGF0YSI6eyJ0YWJsZXQiOnt9LCJtb2JpbGUiOnsibWFyZ2luLXRvcCI6Ii02MHB4In19fQ==&#8221; mobile_bg_img_hidden=&#8221;no&#8221; tablet_bg_img_hidden=&#8221;no&#8221; woodmart_parallax=&#8221;0&#8243; woodmart_gradient_switch=&#8221;no&#8221;<\/p>\n","protected":false},"author":2,"featured_media":0,"parent":0,"menu_order":0,"comment_status":"closed","ping_status":"closed","template":"","meta":{"footnotes":""},"class_list":["post-689","page","type-page","status-publish","hentry"],"yoast_head":"<!-- This site is optimized with the Yoast SEO plugin v26.5 - https:\/\/yoast.com\/wordpress\/plugins\/seo\/ -->\n<title>Carregadores P\u00fablicos - Gic<\/title>\n<meta name=\"robots\" content=\"index, follow, max-snippet:-1, max-image-preview:large, max-video-preview:-1\" \/>\n<link rel=\"canonical\" href=\"http:\/\/recargagic.com\/pt-pt\/carregadores-publicos\/\" \/>\n<meta property=\"og:locale\" content=\"pt_PT\" \/>\n<meta property=\"og:type\" content=\"article\" \/>\n<meta property=\"og:title\" content=\"Carregadores P\u00fablicos - Gic\" \/>\n<meta property=\"og:description\" content=\"[vc_row full_width=&#8221;stretch_row_content_no_spaces&#8221; woodmart_bg_position=&#8221;center-center&#8221; css=&#8221;.vc_custom_1724317973243{margin-top: -70px !important;background-image: url(https:\/\/recargagic.com\/wp-content\/uploads\/2024\/07\/Casos-Exito-GiC_en-la-via-publica.jpg?id=51) !important;background-position: center !important;background-repeat: no-repeat !important;background-size: cover !important;}&#8221; woodmart_css_id=&#8221;66c70106ead0d&#8221; responsive_spacing=&#8221;eyJwYXJhbV90eXBlIjoid29vZG1hcnRfcmVzcG9uc2l2ZV9zcGFjaW5nIiwic2VsZWN0b3JfaWQiOiI2NmM3MDEwNmVhZDBkIiwic2hvcnRjb2RlIjoidmNfcm93IiwiZGF0YSI6eyJ0YWJsZXQiOnt9LCJtb2JpbGUiOnsibWFyZ2luLXRvcCI6Ii02MHB4In19fQ==&#8221; mobile_bg_img_hidden=&#8221;no&#8221; tablet_bg_img_hidden=&#8221;no&#8221; woodmart_parallax=&#8221;0&#8243; woodmart_gradient_switch=&#8221;no&#8221;\" \/>\n<meta property=\"og:url\" content=\"http:\/\/recargagic.com\/pt-pt\/carregadores-publicos\/\" \/>\n<meta property=\"og:site_name\" content=\"Gic\" \/>\n<meta property=\"article:modified_time\" content=\"2024-09-04T11:30:52+00:00\" \/>\n<meta name=\"twitter:card\" content=\"summary_large_image\" \/>\n<meta name=\"twitter:label1\" content=\"Tempo estimado de leitura\" \/>\n\t<meta name=\"twitter:data1\" content=\"4 minutos\" \/>\n<script type=\"application\/ld+json\" class=\"yoast-schema-graph\">{\"@context\":\"https:\/\/schema.org\",\"@graph\":[{\"@type\":\"WebPage\",\"@id\":\"http:\/\/recargagic.com\/pt-pt\/carregadores-publicos\/\",\"url\":\"http:\/\/recargagic.com\/pt-pt\/carregadores-publicos\/\",\"name\":\"Carregadores P\u00fablicos - Gic\",\"isPartOf\":{\"@id\":\"http:\/\/recargagic.com\/pt-pt\/#website\"},\"datePublished\":\"2024-07-23T14:57:52+00:00\",\"dateModified\":\"2024-09-04T11:30:52+00:00\",\"breadcrumb\":{\"@id\":\"http:\/\/recargagic.com\/pt-pt\/carregadores-publicos\/#breadcrumb\"},\"inLanguage\":\"pt-PT\",\"potentialAction\":[{\"@type\":\"ReadAction\",\"target\":[\"http:\/\/recargagic.com\/pt-pt\/carregadores-publicos\/\"]}]},{\"@type\":\"BreadcrumbList\",\"@id\":\"http:\/\/recargagic.com\/pt-pt\/carregadores-publicos\/#breadcrumb\",\"itemListElement\":[{\"@type\":\"ListItem\",\"position\":1,\"name\":\"Portada\",\"item\":\"http:\/\/recargagic.com\/pt-pt\/\"},{\"@type\":\"ListItem\",\"position\":2,\"name\":\"Carregadores P\u00fablicos\"}]},{\"@type\":\"WebSite\",\"@id\":\"http:\/\/recargagic.com\/pt-pt\/#website\",\"url\":\"http:\/\/recargagic.com\/pt-pt\/\",\"name\":\"Gic\",\"description\":\"Recarga Inteligente de Carga\",\"potentialAction\":[{\"@type\":\"SearchAction\",\"target\":{\"@type\":\"EntryPoint\",\"urlTemplate\":\"http:\/\/recargagic.com\/pt-pt\/?s={search_term_string}\"},\"query-input\":{\"@type\":\"PropertyValueSpecification\",\"valueRequired\":true,\"valueName\":\"search_term_string\"}}],\"inLanguage\":\"pt-PT\"}]}<\/script>\n<!-- \/ Yoast SEO plugin. -->","yoast_head_json":{"title":"Carregadores P\u00fablicos - Gic","robots":{"index":"index","follow":"follow","max-snippet":"max-snippet:-1","max-image-preview":"max-image-preview:large","max-video-preview":"max-video-preview:-1"},"canonical":"http:\/\/recargagic.com\/pt-pt\/carregadores-publicos\/","og_locale":"pt_PT","og_type":"article","og_title":"Carregadores P\u00fablicos - Gic","og_description":"[vc_row full_width=&#8221;stretch_row_content_no_spaces&#8221; woodmart_bg_position=&#8221;center-center&#8221; css=&#8221;.vc_custom_1724317973243{margin-top: -70px !important;background-image: url(https:\/\/recargagic.com\/wp-content\/uploads\/2024\/07\/Casos-Exito-GiC_en-la-via-publica.jpg?id=51) !important;background-position: center !important;background-repeat: no-repeat !important;background-size: cover !important;}&#8221; woodmart_css_id=&#8221;66c70106ead0d&#8221; responsive_spacing=&#8221;eyJwYXJhbV90eXBlIjoid29vZG1hcnRfcmVzcG9uc2l2ZV9zcGFjaW5nIiwic2VsZWN0b3JfaWQiOiI2NmM3MDEwNmVhZDBkIiwic2hvcnRjb2RlIjoidmNfcm93IiwiZGF0YSI6eyJ0YWJsZXQiOnt9LCJtb2JpbGUiOnsibWFyZ2luLXRvcCI6Ii02MHB4In19fQ==&#8221; mobile_bg_img_hidden=&#8221;no&#8221; tablet_bg_img_hidden=&#8221;no&#8221; woodmart_parallax=&#8221;0&#8243; woodmart_gradient_switch=&#8221;no&#8221;","og_url":"http:\/\/recargagic.com\/pt-pt\/carregadores-publicos\/","og_site_name":"Gic","article_modified_time":"2024-09-04T11:30:52+00:00","twitter_card":"summary_large_image","twitter_misc":{"Tempo estimado de leitura":"4 minutos"},"schema":{"@context":"https:\/\/schema.org","@graph":[{"@type":"WebPage","@id":"http:\/\/recargagic.com\/pt-pt\/carregadores-publicos\/","url":"http:\/\/recargagic.com\/pt-pt\/carregadores-publicos\/","name":"Carregadores P\u00fablicos - Gic","isPartOf":{"@id":"http:\/\/recargagic.com\/pt-pt\/#website"},"datePublished":"2024-07-23T14:57:52+00:00","dateModified":"2024-09-04T11:30:52+00:00","breadcrumb":{"@id":"http:\/\/recargagic.com\/pt-pt\/carregadores-publicos\/#breadcrumb"},"inLanguage":"pt-PT","potentialAction":[{"@type":"ReadAction","target":["http:\/\/recargagic.com\/pt-pt\/carregadores-publicos\/"]}]},{"@type":"BreadcrumbList","@id":"http:\/\/recargagic.com\/pt-pt\/carregadores-publicos\/#breadcrumb","itemListElement":[{"@type":"ListItem","position":1,"name":"Portada","item":"http:\/\/recargagic.com\/pt-pt\/"},{"@type":"ListItem","position":2,"name":"Carregadores P\u00fablicos"}]},{"@type":"WebSite","@id":"http:\/\/recargagic.com\/pt-pt\/#website","url":"http:\/\/recargagic.com\/pt-pt\/","name":"Gic","description":"Recarga Inteligente de Carga","potentialAction":[{"@type":"SearchAction","target":{"@type":"EntryPoint","urlTemplate":"http:\/\/recargagic.com\/pt-pt\/?s={search_term_string}"},"query-input":{"@type":"PropertyValueSpecification","valueRequired":true,"valueName":"search_term_string"}}],"inLanguage":"pt-PT"}]}},"_links":{"self":[{"href":"http:\/\/recargagic.com\/pt-pt\/wp-json\/wp\/v2\/pages\/689","targetHints":{"allow":["GET"]}}],"collection":[{"href":"http:\/\/recargagic.com\/pt-pt\/wp-json\/wp\/v2\/pages"}],"about":[{"href":"http:\/\/recargagic.com\/pt-pt\/wp-json\/wp\/v2\/types\/page"}],"author":[{"embeddable":true,"href":"http:\/\/recargagic.com\/pt-pt\/wp-json\/wp\/v2\/users\/2"}],"replies":[{"embeddable":true,"href":"http:\/\/recargagic.com\/pt-pt\/wp-json\/wp\/v2\/comments?post=689"}],"version-history":[{"count":4,"href":"http:\/\/recargagic.com\/pt-pt\/wp-json\/wp\/v2\/pages\/689\/revisions"}],"predecessor-version":[{"id":790,"href":"http:\/\/recargagic.com\/pt-pt\/wp-json\/wp\/v2\/pages\/689\/revisions\/790"}],"wp:attachment":[{"href":"http:\/\/recargagic.com\/pt-pt\/wp-json\/wp\/v2\/media?parent=689"}],"curies":[{"name":"wp","href":"https:\/\/api.w.org\/{rel}","templated":true}]}}